{"id":1262,"date":"2021-04-15T17:07:19","date_gmt":"2021-04-15T15:07:19","guid":{"rendered":"https:\/\/www.lerock.si\/?page_id=1262"},"modified":"2021-04-21T15:47:50","modified_gmt":"2021-04-21T13:47:50","slug":"o-nama","status":"publish","type":"page","link":"https:\/\/www.lerock.si\/hr\/o-nama\/","title":{"rendered":"O nama"},"content":{"rendered":"\n<p>Tvrtka Lerock d.o.o. bavi se izradom ljetnih kuhinja, stolova, pultova i drugih elemenata od betona i terazza. Osnovana je 2011. u svrhu razvoja i prodaje netipskih betonskih elemenata koji su jednako pogodni za interijer i eksterijer, izra\u0111eni individualno i precizno, po \u017eelji naru\u010ditelja.<\/p>\n\n\n\n<p>Na\u0161i elementi izra\u0111eni su u tvrtki Coston d.o.o. u Ljubljani, gdje nam svojim dugogodi\u0161njim iskustvom na podru\u010dju izrade i obrade betona osiguravaju najvi\u0161u razinu kvalitete te nam&nbsp;poma\u017eu i savjetuju nas.<\/p>\n\n\n\n<p>Uspje\u0161no poslujemo ve\u0107 desetu godinu, a tijekom tog smo se vremena predstavili na razli\u010ditim sajmovima i kod ku\u0107e i u inozemstvu. Godine 2019. sudjelovali smo na \u010dak dva me\u0111unarodna mjesta izlaganja, u K\u00f6lnu i Amsterdamu. Osim na doma\u0107em tr\u017ei\u0161tu, prisutni smo i na hrvatskom, njema\u010dkom i nizozemskom tr\u017ei\u0161tu.<\/p>\n\n\n\n<p>Na\u200b\u0161 je cilj izraditi lijep, funkcionalan i kvalitetan element.\u200b\u200b<\/p>\n\n\n\n<div style=\"height:40px\" aria-hidden=\"true\" class=\"wp-block-spacer\"><\/div>\n\n\n\n<figure class=\"wp-block-gallery alignwide columns-3 is-cropped wp-block-gallery-1 is-layout-flex wp-block-gallery-is-layout-flex\"><ul class=\"blocks-gallery-grid\"><li class=\"blocks-gallery-item\"><figure><a href=\"https:\/\/www.lerock.si\/wp-content\/uploads\/2021\/03\/LOKACIJA.jpg\" data-lbwps-width=\"1600\" data-lbwps-height=\"930\" data-lbwps-srcsmall=\"https:\/\/www.lerock.si\/wp-content\/uploads\/2021\/03\/LOKACIJA-300x174.jpg\"><img loading=\"lazy\" decoding=\"async\" width=\"1024\" height=\"595\" src=\"https:\/\/www.lerock.si\/wp-content\/uploads\/2021\/03\/LOKACIJA-1024x595.jpg\" alt=\"\" data-id=\"886\" data-full-url=\"https:\/\/www.lerock.si\/wp-content\/uploads\/2021\/03\/LOKACIJA.jpg\" data-link=\"https:\/\/www.lerock.si\/o-nas\/lokacija\/\" class=\"wp-image-886\" srcset=\"https:\/\/www.lerock.si\/wp-content\/uploads\/2021\/03\/LOKACIJA-1024x595.jpg 1024w, https:\/\/www.lerock.si\/wp-content\/uploads\/2021\/03\/LOKACIJA-300x174.jpg 300w, https:\/\/www.lerock.si\/wp-content\/uploads\/2021\/03\/LOKACIJA-768x446.jpg 768w, https:\/\/www.lerock.si\/wp-content\/uploads\/2021\/03\/LOKACIJA-1536x893.jpg 1536w, https:\/\/www.lerock.si\/wp-content\/uploads\/2021\/03\/LOKACIJA.jpg 1600w\" sizes=\"(max-width: 1024px) 100vw, 1024px\" \/><\/a><\/figure><\/li><li class=\"blocks-gallery-item\"><figure><a href=\"https:\/\/www.lerock.si\/wp-content\/uploads\/2021\/03\/GALERIJA-1.jpg\" data-lbwps-width=\"2500\" data-lbwps-height=\"1760\" data-lbwps-srcsmall=\"https:\/\/www.lerock.si\/wp-content\/uploads\/2021\/03\/GALERIJA-1-300x211.jpg\"><img loading=\"lazy\" decoding=\"async\" width=\"1024\" height=\"721\" src=\"https:\/\/www.lerock.si\/wp-content\/uploads\/2021\/03\/GALERIJA-1-1024x721.jpg\" alt=\"\" data-id=\"851\" data-full-url=\"https:\/\/www.lerock.si\/wp-content\/uploads\/2021\/03\/GALERIJA-1.jpg\" data-link=\"https:\/\/www.lerock.si\/od-ideje-do-izvedbe\/galerija\/\" class=\"wp-image-851\" srcset=\"https:\/\/www.lerock.si\/wp-content\/uploads\/2021\/03\/GALERIJA-1-1024x721.jpg 1024w, https:\/\/www.lerock.si\/wp-content\/uploads\/2021\/03\/GALERIJA-1-300x211.jpg 300w, https:\/\/www.lerock.si\/wp-content\/uploads\/2021\/03\/GALERIJA-1-768x541.jpg 768w, https:\/\/www.lerock.si\/wp-content\/uploads\/2021\/03\/GALERIJA-1-1536x1081.jpg 1536w, https:\/\/www.lerock.si\/wp-content\/uploads\/2021\/03\/GALERIJA-1-2048x1442.jpg 2048w\" sizes=\"(max-width: 1024px) 100vw, 1024px\" \/><\/a><\/figure><\/li><li class=\"blocks-gallery-item\"><figure><a href=\"https:\/\/www.lerock.si\/wp-content\/uploads\/2021\/03\/DELAVNICA-1.jpg\" data-lbwps-width=\"1600\" data-lbwps-height=\"1067\" data-lbwps-srcsmall=\"https:\/\/www.lerock.si\/wp-content\/uploads\/2021\/03\/DELAVNICA-1-300x200.jpg\"><img loading=\"lazy\" decoding=\"async\" width=\"1024\" height=\"683\" src=\"https:\/\/www.lerock.si\/wp-content\/uploads\/2021\/03\/DELAVNICA-1-1024x683.jpg\" alt=\"\" data-id=\"878\" data-full-url=\"https:\/\/www.lerock.si\/wp-content\/uploads\/2021\/03\/DELAVNICA-1.jpg\" data-link=\"https:\/\/www.lerock.si\/o-nas\/delavnica-1\/\" class=\"wp-image-878\" srcset=\"https:\/\/www.lerock.si\/wp-content\/uploads\/2021\/03\/DELAVNICA-1-1024x683.jpg 1024w, https:\/\/www.lerock.si\/wp-content\/uploads\/2021\/03\/DELAVNICA-1-300x200.jpg 300w, https:\/\/www.lerock.si\/wp-content\/uploads\/2021\/03\/DELAVNICA-1-768x512.jpg 768w, https:\/\/www.lerock.si\/wp-content\/uploads\/2021\/03\/DELAVNICA-1-1536x1024.jpg 1536w, https:\/\/www.lerock.si\/wp-content\/uploads\/2021\/03\/DELAVNICA-1.jpg 1600w\" sizes=\"(max-width: 1024px) 100vw, 1024px\" \/><\/a><\/figure><\/li><li class=\"blocks-gallery-item\"><figure><a href=\"https:\/\/www.lerock.si\/wp-content\/uploads\/2021\/03\/DELAVNICA-2.jpg\" data-lbwps-width=\"1600\" data-lbwps-height=\"1200\" data-lbwps-srcsmall=\"https:\/\/www.lerock.si\/wp-content\/uploads\/2021\/03\/DELAVNICA-2-300x225.jpg\"><img loading=\"lazy\" decoding=\"async\" width=\"1024\" height=\"768\" src=\"https:\/\/www.lerock.si\/wp-content\/uploads\/2021\/03\/DELAVNICA-2-1024x768.jpg\" alt=\"\" data-id=\"880\" data-full-url=\"https:\/\/www.lerock.si\/wp-content\/uploads\/2021\/03\/DELAVNICA-2.jpg\" data-link=\"https:\/\/www.lerock.si\/o-nas\/delavnica-2\/\" class=\"wp-image-880\" srcset=\"https:\/\/www.lerock.si\/wp-content\/uploads\/2021\/03\/DELAVNICA-2-1024x768.jpg 1024w, https:\/\/www.lerock.si\/wp-content\/uploads\/2021\/03\/DELAVNICA-2-300x225.jpg 300w, https:\/\/www.lerock.si\/wp-content\/uploads\/2021\/03\/DELAVNICA-2-768x576.jpg 768w, https:\/\/www.lerock.si\/wp-content\/uploads\/2021\/03\/DELAVNICA-2-1536x1152.jpg 1536w, https:\/\/www.lerock.si\/wp-content\/uploads\/2021\/03\/DELAVNICA-2.jpg 1600w\" sizes=\"(max-width: 1024px) 100vw, 1024px\" \/><\/a><\/figure><\/li><li class=\"blocks-gallery-item\"><figure><a href=\"https:\/\/www.lerock.si\/wp-content\/uploads\/2021\/03\/DELAVNICA-3.jpg\" data-lbwps-width=\"1600\" data-lbwps-height=\"1200\" data-lbwps-srcsmall=\"https:\/\/www.lerock.si\/wp-content\/uploads\/2021\/03\/DELAVNICA-3-300x225.jpg\"><img loading=\"lazy\" decoding=\"async\" width=\"1024\" height=\"768\" src=\"https:\/\/www.lerock.si\/wp-content\/uploads\/2021\/03\/DELAVNICA-3-1024x768.jpg\" alt=\"\" data-id=\"882\" data-full-url=\"https:\/\/www.lerock.si\/wp-content\/uploads\/2021\/03\/DELAVNICA-3.jpg\" data-link=\"https:\/\/www.lerock.si\/o-nas\/delavnica-3\/\" class=\"wp-image-882\" srcset=\"https:\/\/www.lerock.si\/wp-content\/uploads\/2021\/03\/DELAVNICA-3-1024x768.jpg 1024w, https:\/\/www.lerock.si\/wp-content\/uploads\/2021\/03\/DELAVNICA-3-300x225.jpg 300w, https:\/\/www.lerock.si\/wp-content\/uploads\/2021\/03\/DELAVNICA-3-768x576.jpg 768w, https:\/\/www.lerock.si\/wp-content\/uploads\/2021\/03\/DELAVNICA-3-1536x1152.jpg 1536w, https:\/\/www.lerock.si\/wp-content\/uploads\/2021\/03\/DELAVNICA-3.jpg 1600w\" sizes=\"(max-width: 1024px) 100vw, 1024px\" \/><\/a><\/figure><\/li><li class=\"blocks-gallery-item\"><figure><a href=\"https:\/\/www.lerock.si\/wp-content\/uploads\/2021\/03\/DELAVNICA-4.jpg\" data-lbwps-width=\"1600\" data-lbwps-height=\"1200\" data-lbwps-srcsmall=\"https:\/\/www.lerock.si\/wp-content\/uploads\/2021\/03\/DELAVNICA-4-300x225.jpg\"><img loading=\"lazy\" decoding=\"async\" width=\"1024\" height=\"768\" src=\"https:\/\/www.lerock.si\/wp-content\/uploads\/2021\/03\/DELAVNICA-4-1024x768.jpg\" alt=\"\" data-id=\"884\" data-full-url=\"https:\/\/www.lerock.si\/wp-content\/uploads\/2021\/03\/DELAVNICA-4.jpg\" data-link=\"https:\/\/www.lerock.si\/o-nas\/delavnica-4\/\" class=\"wp-image-884\" srcset=\"https:\/\/www.lerock.si\/wp-content\/uploads\/2021\/03\/DELAVNICA-4-1024x768.jpg 1024w, https:\/\/www.lerock.si\/wp-content\/uploads\/2021\/03\/DELAVNICA-4-300x225.jpg 300w, https:\/\/www.lerock.si\/wp-content\/uploads\/2021\/03\/DELAVNICA-4-768x576.jpg 768w, https:\/\/www.lerock.si\/wp-content\/uploads\/2021\/03\/DELAVNICA-4-1536x1152.jpg 1536w, https:\/\/www.lerock.si\/wp-content\/uploads\/2021\/03\/DELAVNICA-4.jpg 1600w\" sizes=\"(max-width: 1024px) 100vw, 1024px\" \/><\/a><\/figure><\/li><\/ul><\/figure>\n","protected":false},"excerpt":{"rendered":"<p>Tvrtka Lerock d.o.o. bavi se izradom ljetnih kuhinja, stolova, pultova i drugih elemenata od betona i terazza. Osnovana je 2011. u svrhu razvoja i prodaje netipskih betonskih elemenata koji su jednako pogodni za interijer i eksterijer, izra\u0111eni individualno i precizno, po \u017eelji naru\u010ditelja. Na\u0161i elementi izra\u0111eni su u tvrtki Coston d.o.o. u Ljubljani, gdje nam [&hellip;]<\/p>\n","protected":false},"author":2,"featured_media":1207,"parent":0,"menu_order":0,"comment_status":"closed","ping_status":"closed","template":"","meta":{"site-sidebar-layout":"default","site-content-layout":"default","ast-site-content-layout":"","site-content-style":"default","site-sidebar-style":"default","ast-global-header-display":"","ast-banner-title-visibility":"","ast-main-header-display":"","ast-hfb-above-header-display":"","ast-hfb-below-header-display":"","ast-hfb-mobile-header-display":"","site-post-title":"disabled","ast-breadcrumbs-content":"","ast-featured-img":"disabled","footer-sml-layout":"","theme-transparent-header-meta":"default","adv-header-id-meta":"","stick-header-meta":"","header-above-stick-meta":"","header-main-stick-meta":"","header-below-stick-meta":"","astra-migrate-meta-layouts":"default","ast-page-background-enabled":"default","ast-page-background-meta":{"desktop":{"background-color":"var(--ast-global-color-4)","background-image":"","background-repeat":"repeat","background-position":"center center","background-size":"auto","background-attachment":"scroll","background-type":"","background-media":"","overlay-type":"","overlay-color":"","overlay-opacity":"","overlay-gradient":""},"tablet":{"background-color":"","background-image":"","background-repeat":"repeat","background-position":"center center","background-size":"auto","background-attachment":"scroll","background-type":"","background-media":"","overlay-type":"","overlay-color":"","overlay-opacity":"","overlay-gradient":""},"mobile":{"background-color":"","background-image":"","background-repeat":"repeat","background-position":"center center","background-size":"auto","background-attachment":"scroll","background-type":"","background-media":"","overlay-type":"","overlay-color":"","overlay-opacity":"","overlay-gradient":""}},"ast-content-background-meta":{"desktop":{"background-color":"var(--ast-global-color-5)","background-image":"","background-repeat":"repeat","background-position":"center center","background-size":"auto","background-attachment":"scroll","background-type":"","background-media":"","overlay-type":"","overlay-color":"","overlay-opacity":"","overlay-gradient":""},"tablet":{"background-color":"var(--ast-global-color-5)","background-image":"","background-repeat":"repeat","background-position":"center center","background-size":"auto","background-attachment":"scroll","background-type":"","background-media":"","overlay-type":"","overlay-color":"","overlay-opacity":"","overlay-gradient":""},"mobile":{"background-color":"var(--ast-global-color-5)","background-image":"","background-repeat":"repeat","background-position":"center center","background-size":"auto","background-attachment":"scroll","background-type":"","background-media":"","overlay-type":"","overlay-color":"","overlay-opacity":"","overlay-gradient":""}},"slim_seo":[],"footnotes":""},"class_list":["post-1262","page","type-page","status-publish","has-post-thumbnail","hentry"],"_links":{"self":[{"href":"https:\/\/www.lerock.si\/hr\/wp-json\/wp\/v2\/pages\/1262"}],"collection":[{"href":"https:\/\/www.lerock.si\/hr\/wp-json\/wp\/v2\/pages"}],"about":[{"href":"https:\/\/www.lerock.si\/hr\/wp-json\/wp\/v2\/types\/page"}],"author":[{"embeddable":true,"href":"https:\/\/www.lerock.si\/hr\/wp-json\/wp\/v2\/users\/2"}],"replies":[{"embeddable":true,"href":"https:\/\/www.lerock.si\/hr\/wp-json\/wp\/v2\/comments?post=1262"}],"version-history":[{"count":1,"href":"https:\/\/www.lerock.si\/hr\/wp-json\/wp\/v2\/pages\/1262\/revisions"}],"predecessor-version":[{"id":1263,"href":"https:\/\/www.lerock.si\/hr\/wp-json\/wp\/v2\/pages\/1262\/revisions\/1263"}],"wp:featuredmedia":[{"embeddable":true,"href":"https:\/\/www.lerock.si\/hr\/wp-json\/wp\/v2\/media\/1207"}],"wp:attachment":[{"href":"https:\/\/www.lerock.si\/hr\/wp-json\/wp\/v2\/media?parent=1262"}],"curies":[{"name":"wp","href":"https:\/\/api.w.org\/{rel}","templated":true}]}}