{"id":1271,"date":"2021-04-15T17:12:47","date_gmt":"2021-04-15T15:12:47","guid":{"rendered":"https:\/\/www.lerock.si\/?page_id=1271"},"modified":"2021-04-21T16:00:40","modified_gmt":"2021-04-21T14:00:40","slug":"interijer-kuhinjski-i-kupaonicki-pultovi","status":"publish","type":"page","link":"https:\/\/www.lerock.si\/hr\/interijer-kuhinjski-i-kupaonicki-pultovi\/","title":{"rendered":"Interijer &#8211; kuhinjski i kupaoni\u010dki pultovi"},"content":{"rendered":"\n<p>Beton je pogodan i za izradu unutarnjih elemenata, a naj\u010de\u0161\u0107e izra\u0111ujemo:<\/p>\n\n\n\n<ul class=\"wp-block-list\"><li>kuhinjske i kupaoni\u010dke pultove<\/li><li>kuhinjske i klupske stolove<\/li><li>police oko kamina<\/li><li>uredske i recepcijske pultove<\/li><li>te druge elemente.<\/li><\/ul>\n\n\n\n<p>Va\u017eno je da pri planiranju takvog komada u interijeru uzmete u obzir te\u017einu i pristup, odnosno mogu\u0107nost nabave i monta\u017ee.<\/p>\n\n\n\n<p>Elementi su tijekom monta\u017ee povr\u0161inski za\u0161ti\u0107eni te uz pravilnu uporabu i njegu ne o\u010dekuje se pojava trajnih o\u0161te\u0107enja ili mrlja.<\/p>\n\n\n\n<p>\u017deljeli bismo istaknuti da je u sve na\u0161e elemente mogu\u0107e ugraditi intarzije kao \u0161to su logotipovi, osvjetljenje, citati itd.<\/p>\n\n\n\n<div style=\"height:40px\" aria-hidden=\"true\" class=\"wp-block-spacer\"><\/div>\n\n\n\n<figure class=\"wp-block-gallery alignwide columns-5 is-cropped wp-block-gallery-1 is-layout-flex wp-block-gallery-is-layout-flex\"><ul class=\"blocks-gallery-grid\"><li class=\"blocks-gallery-item\"><figure><a href=\"https:\/\/www.lerock.si\/wp-content\/uploads\/2021\/03\/1-betonski-kuhinjski-pult.jpg\" data-lbwps-width=\"993\" data-lbwps-height=\"1200\" data-lbwps-srcsmall=\"https:\/\/www.lerock.si\/wp-content\/uploads\/2021\/03\/1-betonski-kuhinjski-pult-248x300.jpg\"><img loading=\"lazy\" decoding=\"async\" width=\"993\" height=\"1200\" src=\"https:\/\/www.lerock.si\/wp-content\/uploads\/2021\/03\/1-betonski-kuhinjski-pult.jpg\" alt=\"\" data-id=\"757\" data-link=\"https:\/\/www.lerock.si\/notranji-betonski-in-terazzo-pulti\/1-betonski-kuhinjski-pult\/\" class=\"wp-image-757\" srcset=\"https:\/\/www.lerock.si\/wp-content\/uploads\/2021\/03\/1-betonski-kuhinjski-pult.jpg 993w, https:\/\/www.lerock.si\/wp-content\/uploads\/2021\/03\/1-betonski-kuhinjski-pult-248x300.jpg 248w, https:\/\/www.lerock.si\/wp-content\/uploads\/2021\/03\/1-betonski-kuhinjski-pult-847x1024.jpg 847w, https:\/\/www.lerock.si\/wp-content\/uploads\/2021\/03\/1-betonski-kuhinjski-pult-768x928.jpg 768w\" sizes=\"(max-width: 993px) 100vw, 993px\" \/><\/a><\/figure><\/li><li class=\"blocks-gallery-item\"><figure><a href=\"https:\/\/www.lerock.si\/wp-content\/uploads\/2021\/03\/3-pisarniski-recepcijski-pult-iz-betona.jpg\" data-lbwps-width=\"900\" data-lbwps-height=\"1200\" data-lbwps-srcsmall=\"https:\/\/www.lerock.si\/wp-content\/uploads\/2021\/03\/3-pisarniski-recepcijski-pult-iz-betona-225x300.jpg\"><img loading=\"lazy\" decoding=\"async\" width=\"900\" height=\"1200\" src=\"https:\/\/www.lerock.si\/wp-content\/uploads\/2021\/03\/3-pisarniski-recepcijski-pult-iz-betona.jpg\" alt=\"\" data-id=\"761\" data-link=\"https:\/\/www.lerock.si\/notranji-betonski-in-terazzo-pulti\/3-pisarniski-recepcijski-pult-iz-betona\/\" class=\"wp-image-761\" srcset=\"https:\/\/www.lerock.si\/wp-content\/uploads\/2021\/03\/3-pisarniski-recepcijski-pult-iz-betona.jpg 900w, https:\/\/www.lerock.si\/wp-content\/uploads\/2021\/03\/3-pisarniski-recepcijski-pult-iz-betona-225x300.jpg 225w, https:\/\/www.lerock.si\/wp-content\/uploads\/2021\/03\/3-pisarniski-recepcijski-pult-iz-betona-768x1024.jpg 768w\" sizes=\"(max-width: 900px) 100vw, 900px\" \/><\/a><\/figure><\/li><li class=\"blocks-gallery-item\"><figure><a href=\"https:\/\/www.lerock.si\/wp-content\/uploads\/2021\/03\/11-betonski-elementi-v-kopalnici.jpg\" data-lbwps-width=\"851\" data-lbwps-height=\"1200\" data-lbwps-srcsmall=\"https:\/\/www.lerock.si\/wp-content\/uploads\/2021\/03\/11-betonski-elementi-v-kopalnici-213x300.jpg\"><img loading=\"lazy\" decoding=\"async\" width=\"851\" height=\"1200\" src=\"https:\/\/www.lerock.si\/wp-content\/uploads\/2021\/03\/11-betonski-elementi-v-kopalnici.jpg\" alt=\"\" data-id=\"777\" data-link=\"https:\/\/www.lerock.si\/notranji-betonski-in-terazzo-pulti\/11-betonski-elementi-v-kopalnici\/\" class=\"wp-image-777\" srcset=\"https:\/\/www.lerock.si\/wp-content\/uploads\/2021\/03\/11-betonski-elementi-v-kopalnici.jpg 851w, https:\/\/www.lerock.si\/wp-content\/uploads\/2021\/03\/11-betonski-elementi-v-kopalnici-213x300.jpg 213w, https:\/\/www.lerock.si\/wp-content\/uploads\/2021\/03\/11-betonski-elementi-v-kopalnici-726x1024.jpg 726w, https:\/\/www.lerock.si\/wp-content\/uploads\/2021\/03\/11-betonski-elementi-v-kopalnici-768x1083.jpg 768w\" sizes=\"(max-width: 851px) 100vw, 851px\" \/><\/a><\/figure><\/li><li class=\"blocks-gallery-item\"><figure><a href=\"https:\/\/www.lerock.si\/wp-content\/uploads\/2021\/03\/7-kopalniski-pult.jpg\" data-lbwps-width=\"899\" data-lbwps-height=\"1200\" data-lbwps-srcsmall=\"https:\/\/www.lerock.si\/wp-content\/uploads\/2021\/03\/7-kopalniski-pult-225x300.jpg\"><img loading=\"lazy\" decoding=\"async\" width=\"899\" height=\"1200\" src=\"https:\/\/www.lerock.si\/wp-content\/uploads\/2021\/03\/7-kopalniski-pult.jpg\" alt=\"\" data-id=\"769\" data-link=\"https:\/\/www.lerock.si\/notranji-betonski-in-terazzo-pulti\/7-kopalniski-pult\/\" class=\"wp-image-769\" srcset=\"https:\/\/www.lerock.si\/wp-content\/uploads\/2021\/03\/7-kopalniski-pult.jpg 899w, https:\/\/www.lerock.si\/wp-content\/uploads\/2021\/03\/7-kopalniski-pult-225x300.jpg 225w, https:\/\/www.lerock.si\/wp-content\/uploads\/2021\/03\/7-kopalniski-pult-767x1024.jpg 767w, https:\/\/www.lerock.si\/wp-content\/uploads\/2021\/03\/7-kopalniski-pult-768x1025.jpg 768w\" sizes=\"(max-width: 899px) 100vw, 899px\" \/><\/a><\/figure><\/li><li class=\"blocks-gallery-item\"><figure><a href=\"https:\/\/www.lerock.si\/wp-content\/uploads\/2021\/03\/6-kopalniski-pult-iz-betona-1.jpg\" data-lbwps-width=\"626\" data-lbwps-height=\"866\" data-lbwps-srcsmall=\"https:\/\/www.lerock.si\/wp-content\/uploads\/2021\/03\/6-kopalniski-pult-iz-betona-1-217x300.jpg\"><img loading=\"lazy\" decoding=\"async\" width=\"626\" height=\"866\" src=\"https:\/\/www.lerock.si\/wp-content\/uploads\/2021\/03\/6-kopalniski-pult-iz-betona-1.jpg\" alt=\"\" data-id=\"797\" data-link=\"https:\/\/www.lerock.si\/notranji-betonski-in-terazzo-pulti\/6-kopalniski-pult-iz-betona-1\/\" class=\"wp-image-797\" srcset=\"https:\/\/www.lerock.si\/wp-content\/uploads\/2021\/03\/6-kopalniski-pult-iz-betona-1.jpg 626w, https:\/\/www.lerock.si\/wp-content\/uploads\/2021\/03\/6-kopalniski-pult-iz-betona-1-217x300.jpg 217w\" sizes=\"(max-width: 626px) 100vw, 626px\" \/><\/a><\/figure><\/li><li class=\"blocks-gallery-item\"><figure><a href=\"https:\/\/www.lerock.si\/wp-content\/uploads\/2021\/03\/2-kuhinjski-pult-miza-iz-betona.jpg\" data-lbwps-width=\"1600\" data-lbwps-height=\"786\" data-lbwps-srcsmall=\"https:\/\/www.lerock.si\/wp-content\/uploads\/2021\/03\/2-kuhinjski-pult-miza-iz-betona-300x147.jpg\"><img loading=\"lazy\" decoding=\"async\" width=\"1600\" height=\"786\" src=\"https:\/\/www.lerock.si\/wp-content\/uploads\/2021\/03\/2-kuhinjski-pult-miza-iz-betona.jpg\" alt=\"\" data-id=\"759\" data-link=\"https:\/\/www.lerock.si\/notranji-betonski-in-terazzo-pulti\/2-kuhinjski-pult-miza-iz-betona\/\" class=\"wp-image-759\" srcset=\"https:\/\/www.lerock.si\/wp-content\/uploads\/2021\/03\/2-kuhinjski-pult-miza-iz-betona.jpg 1600w, https:\/\/www.lerock.si\/wp-content\/uploads\/2021\/03\/2-kuhinjski-pult-miza-iz-betona-300x147.jpg 300w, https:\/\/www.lerock.si\/wp-content\/uploads\/2021\/03\/2-kuhinjski-pult-miza-iz-betona-1024x503.jpg 1024w, https:\/\/www.lerock.si\/wp-content\/uploads\/2021\/03\/2-kuhinjski-pult-miza-iz-betona-768x377.jpg 768w, https:\/\/www.lerock.si\/wp-content\/uploads\/2021\/03\/2-kuhinjski-pult-miza-iz-betona-1536x755.jpg 1536w\" sizes=\"(max-width: 1600px) 100vw, 1600px\" \/><\/a><\/figure><\/li><li class=\"blocks-gallery-item\"><figure><a href=\"https:\/\/www.lerock.si\/wp-content\/uploads\/2021\/03\/4-betonski-notranji-pult-miza.jpg\" data-lbwps-width=\"1600\" data-lbwps-height=\"705\" data-lbwps-srcsmall=\"https:\/\/www.lerock.si\/wp-content\/uploads\/2021\/03\/4-betonski-notranji-pult-miza-300x132.jpg\"><img loading=\"lazy\" decoding=\"async\" width=\"1600\" height=\"705\" src=\"https:\/\/www.lerock.si\/wp-content\/uploads\/2021\/03\/4-betonski-notranji-pult-miza.jpg\" alt=\"\" data-id=\"763\" data-link=\"https:\/\/www.lerock.si\/notranji-betonski-in-terazzo-pulti\/4-betonski-notranji-pult-miza\/\" class=\"wp-image-763\" srcset=\"https:\/\/www.lerock.si\/wp-content\/uploads\/2021\/03\/4-betonski-notranji-pult-miza.jpg 1600w, https:\/\/www.lerock.si\/wp-content\/uploads\/2021\/03\/4-betonski-notranji-pult-miza-300x132.jpg 300w, https:\/\/www.lerock.si\/wp-content\/uploads\/2021\/03\/4-betonski-notranji-pult-miza-1024x451.jpg 1024w, https:\/\/www.lerock.si\/wp-content\/uploads\/2021\/03\/4-betonski-notranji-pult-miza-768x338.jpg 768w, https:\/\/www.lerock.si\/wp-content\/uploads\/2021\/03\/4-betonski-notranji-pult-miza-1536x677.jpg 1536w\" sizes=\"(max-width: 1600px) 100vw, 1600px\" \/><\/a><\/figure><\/li><li class=\"blocks-gallery-item\"><figure><a href=\"https:\/\/www.lerock.si\/wp-content\/uploads\/2021\/03\/5-notranji-pult.jpg\" data-lbwps-width=\"1024\" data-lbwps-height=\"334\" data-lbwps-srcsmall=\"https:\/\/www.lerock.si\/wp-content\/uploads\/2021\/03\/5-notranji-pult-300x98.jpg\"><img loading=\"lazy\" decoding=\"async\" width=\"1024\" height=\"334\" src=\"https:\/\/www.lerock.si\/wp-content\/uploads\/2021\/03\/5-notranji-pult.jpg\" alt=\"\" data-id=\"765\" data-link=\"https:\/\/www.lerock.si\/notranji-betonski-in-terazzo-pulti\/5-notranji-pult\/\" class=\"wp-image-765\" srcset=\"https:\/\/www.lerock.si\/wp-content\/uploads\/2021\/03\/5-notranji-pult.jpg 1024w, https:\/\/www.lerock.si\/wp-content\/uploads\/2021\/03\/5-notranji-pult-300x98.jpg 300w, https:\/\/www.lerock.si\/wp-content\/uploads\/2021\/03\/5-notranji-pult-768x251.jpg 768w\" sizes=\"(max-width: 1024px) 100vw, 1024px\" \/><\/a><\/figure><\/li><li class=\"blocks-gallery-item\"><figure><a href=\"https:\/\/www.lerock.si\/wp-content\/uploads\/2021\/03\/9-kopalniski-pult.jpg\" data-lbwps-width=\"720\" data-lbwps-height=\"480\" data-lbwps-srcsmall=\"https:\/\/www.lerock.si\/wp-content\/uploads\/2021\/03\/9-kopalniski-pult-300x200.jpg\"><img loading=\"lazy\" decoding=\"async\" width=\"720\" height=\"480\" src=\"https:\/\/www.lerock.si\/wp-content\/uploads\/2021\/03\/9-kopalniski-pult.jpg\" alt=\"\" data-id=\"773\" data-link=\"https:\/\/www.lerock.si\/notranji-betonski-in-terazzo-pulti\/9-kopalniski-pult\/\" class=\"wp-image-773\" srcset=\"https:\/\/www.lerock.si\/wp-content\/uploads\/2021\/03\/9-kopalniski-pult.jpg 720w, https:\/\/www.lerock.si\/wp-content\/uploads\/2021\/03\/9-kopalniski-pult-300x200.jpg 300w\" sizes=\"(max-width: 720px) 100vw, 720px\" \/><\/a><\/figure><\/li><li class=\"blocks-gallery-item\"><figure><a href=\"https:\/\/www.lerock.si\/wp-content\/uploads\/2021\/03\/14-kopalnica-poliran-brusen-beton-terazzo.jpg\" data-lbwps-width=\"1600\" data-lbwps-height=\"1062\" data-lbwps-srcsmall=\"https:\/\/www.lerock.si\/wp-content\/uploads\/2021\/03\/14-kopalnica-poliran-brusen-beton-terazzo-300x199.jpg\"><img loading=\"lazy\" decoding=\"async\" width=\"1600\" height=\"1062\" src=\"https:\/\/www.lerock.si\/wp-content\/uploads\/2021\/03\/14-kopalnica-poliran-brusen-beton-terazzo.jpg\" alt=\"\" data-id=\"783\" data-link=\"https:\/\/www.lerock.si\/notranji-betonski-in-terazzo-pulti\/14-kopalnica-poliran-brusen-beton-terazzo\/\" class=\"wp-image-783\" srcset=\"https:\/\/www.lerock.si\/wp-content\/uploads\/2021\/03\/14-kopalnica-poliran-brusen-beton-terazzo.jpg 1600w, https:\/\/www.lerock.si\/wp-content\/uploads\/2021\/03\/14-kopalnica-poliran-brusen-beton-terazzo-300x199.jpg 300w, https:\/\/www.lerock.si\/wp-content\/uploads\/2021\/03\/14-kopalnica-poliran-brusen-beton-terazzo-1024x680.jpg 1024w, https:\/\/www.lerock.si\/wp-content\/uploads\/2021\/03\/14-kopalnica-poliran-brusen-beton-terazzo-768x510.jpg 768w, https:\/\/www.lerock.si\/wp-content\/uploads\/2021\/03\/14-kopalnica-poliran-brusen-beton-terazzo-1536x1020.jpg 1536w\" sizes=\"(max-width: 1600px) 100vw, 1600px\" \/><\/a><\/figure><\/li><li class=\"blocks-gallery-item\"><figure><a href=\"https:\/\/www.lerock.si\/wp-content\/uploads\/2021\/03\/12-kopalnica-poliran-brusen-beton-terazzo.jpg\" data-lbwps-width=\"1184\" data-lbwps-height=\"1200\" data-lbwps-srcsmall=\"https:\/\/www.lerock.si\/wp-content\/uploads\/2021\/03\/12-kopalnica-poliran-brusen-beton-terazzo-296x300.jpg\"><img loading=\"lazy\" decoding=\"async\" width=\"1184\" height=\"1200\" src=\"https:\/\/www.lerock.si\/wp-content\/uploads\/2021\/03\/12-kopalnica-poliran-brusen-beton-terazzo.jpg\" alt=\"\" data-id=\"779\" data-link=\"https:\/\/www.lerock.si\/notranji-betonski-in-terazzo-pulti\/12-kopalnica-poliran-brusen-beton-terazzo\/\" class=\"wp-image-779\" srcset=\"https:\/\/www.lerock.si\/wp-content\/uploads\/2021\/03\/12-kopalnica-poliran-brusen-beton-terazzo.jpg 1184w, https:\/\/www.lerock.si\/wp-content\/uploads\/2021\/03\/12-kopalnica-poliran-brusen-beton-terazzo-296x300.jpg 296w, https:\/\/www.lerock.si\/wp-content\/uploads\/2021\/03\/12-kopalnica-poliran-brusen-beton-terazzo-1010x1024.jpg 1010w, https:\/\/www.lerock.si\/wp-content\/uploads\/2021\/03\/12-kopalnica-poliran-brusen-beton-terazzo-768x778.jpg 768w\" sizes=\"(max-width: 1184px) 100vw, 1184px\" \/><\/a><\/figure><\/li><li class=\"blocks-gallery-item\"><figure><a href=\"https:\/\/www.lerock.si\/wp-content\/uploads\/2021\/03\/8-betonski-elementi-v-kopalnici.jpg\" data-lbwps-width=\"1391\" data-lbwps-height=\"1200\" data-lbwps-srcsmall=\"https:\/\/www.lerock.si\/wp-content\/uploads\/2021\/03\/8-betonski-elementi-v-kopalnici-300x259.jpg\"><img loading=\"lazy\" decoding=\"async\" width=\"1391\" height=\"1200\" src=\"https:\/\/www.lerock.si\/wp-content\/uploads\/2021\/03\/8-betonski-elementi-v-kopalnici.jpg\" alt=\"\" data-id=\"771\" data-link=\"https:\/\/www.lerock.si\/notranji-betonski-in-terazzo-pulti\/8-betonski-elementi-v-kopalnici\/\" class=\"wp-image-771\" srcset=\"https:\/\/www.lerock.si\/wp-content\/uploads\/2021\/03\/8-betonski-elementi-v-kopalnici.jpg 1391w, https:\/\/www.lerock.si\/wp-content\/uploads\/2021\/03\/8-betonski-elementi-v-kopalnici-300x259.jpg 300w, https:\/\/www.lerock.si\/wp-content\/uploads\/2021\/03\/8-betonski-elementi-v-kopalnici-1024x883.jpg 1024w, https:\/\/www.lerock.si\/wp-content\/uploads\/2021\/03\/8-betonski-elementi-v-kopalnici-768x663.jpg 768w\" sizes=\"(max-width: 1391px) 100vw, 1391px\" \/><\/a><\/figure><\/li><li class=\"blocks-gallery-item\"><figure><a href=\"https:\/\/www.lerock.si\/wp-content\/uploads\/2021\/03\/13-kopalnica-poliran-brusen-beton-terazzo.jpg\" data-lbwps-width=\"1185\" data-lbwps-height=\"1200\" data-lbwps-srcsmall=\"https:\/\/www.lerock.si\/wp-content\/uploads\/2021\/03\/13-kopalnica-poliran-brusen-beton-terazzo-296x300.jpg\"><img loading=\"lazy\" decoding=\"async\" width=\"1185\" height=\"1200\" src=\"https:\/\/www.lerock.si\/wp-content\/uploads\/2021\/03\/13-kopalnica-poliran-brusen-beton-terazzo.jpg\" alt=\"\" data-id=\"781\" data-link=\"https:\/\/www.lerock.si\/notranji-betonski-in-terazzo-pulti\/13-kopalnica-poliran-brusen-beton-terazzo\/\" class=\"wp-image-781\" srcset=\"https:\/\/www.lerock.si\/wp-content\/uploads\/2021\/03\/13-kopalnica-poliran-brusen-beton-terazzo.jpg 1185w, https:\/\/www.lerock.si\/wp-content\/uploads\/2021\/03\/13-kopalnica-poliran-brusen-beton-terazzo-296x300.jpg 296w, https:\/\/www.lerock.si\/wp-content\/uploads\/2021\/03\/13-kopalnica-poliran-brusen-beton-terazzo-1011x1024.jpg 1011w, https:\/\/www.lerock.si\/wp-content\/uploads\/2021\/03\/13-kopalnica-poliran-brusen-beton-terazzo-768x778.jpg 768w\" sizes=\"(max-width: 1185px) 100vw, 1185px\" \/><\/a><\/figure><\/li><li class=\"blocks-gallery-item\"><figure><a href=\"https:\/\/www.lerock.si\/wp-content\/uploads\/2021\/03\/10-kopalniski-pult.jpg\" data-lbwps-width=\"1466\" data-lbwps-height=\"1200\" data-lbwps-srcsmall=\"https:\/\/www.lerock.si\/wp-content\/uploads\/2021\/03\/10-kopalniski-pult-300x246.jpg\"><img loading=\"lazy\" decoding=\"async\" width=\"1466\" height=\"1200\" src=\"https:\/\/www.lerock.si\/wp-content\/uploads\/2021\/03\/10-kopalniski-pult.jpg\" alt=\"\" data-id=\"775\" data-link=\"https:\/\/www.lerock.si\/notranji-betonski-in-terazzo-pulti\/10-kopalniski-pult\/\" class=\"wp-image-775\" srcset=\"https:\/\/www.lerock.si\/wp-content\/uploads\/2021\/03\/10-kopalniski-pult.jpg 1466w, https:\/\/www.lerock.si\/wp-content\/uploads\/2021\/03\/10-kopalniski-pult-300x246.jpg 300w, https:\/\/www.lerock.si\/wp-content\/uploads\/2021\/03\/10-kopalniski-pult-1024x838.jpg 1024w, https:\/\/www.lerock.si\/wp-content\/uploads\/2021\/03\/10-kopalniski-pult-768x629.jpg 768w\" sizes=\"(max-width: 1466px) 100vw, 1466px\" \/><\/a><\/figure><\/li><li class=\"blocks-gallery-item\"><figure><a href=\"https:\/\/www.lerock.si\/wp-content\/uploads\/2021\/03\/15-pisarniski-recepcijski-pult-terazzo-beton.jpg\" data-lbwps-width=\"1242\" data-lbwps-height=\"1200\" data-lbwps-srcsmall=\"https:\/\/www.lerock.si\/wp-content\/uploads\/2021\/03\/15-pisarniski-recepcijski-pult-terazzo-beton-300x290.jpg\"><img loading=\"lazy\" decoding=\"async\" width=\"1242\" height=\"1200\" src=\"https:\/\/www.lerock.si\/wp-content\/uploads\/2021\/03\/15-pisarniski-recepcijski-pult-terazzo-beton.jpg\" alt=\"\" data-id=\"785\" data-link=\"https:\/\/www.lerock.si\/notranji-betonski-in-terazzo-pulti\/15-pisarniski-recepcijski-pult-terazzo-beton\/\" class=\"wp-image-785\" srcset=\"https:\/\/www.lerock.si\/wp-content\/uploads\/2021\/03\/15-pisarniski-recepcijski-pult-terazzo-beton.jpg 1242w, https:\/\/www.lerock.si\/wp-content\/uploads\/2021\/03\/15-pisarniski-recepcijski-pult-terazzo-beton-300x290.jpg 300w, https:\/\/www.lerock.si\/wp-content\/uploads\/2021\/03\/15-pisarniski-recepcijski-pult-terazzo-beton-1024x989.jpg 1024w, https:\/\/www.lerock.si\/wp-content\/uploads\/2021\/03\/15-pisarniski-recepcijski-pult-terazzo-beton-768x742.jpg 768w\" sizes=\"(max-width: 1242px) 100vw, 1242px\" \/><\/a><\/figure><\/li><li class=\"blocks-gallery-item\"><figure><a href=\"https:\/\/www.lerock.si\/wp-content\/uploads\/2021\/03\/16-miza-beton-terazzo.jpg\" data-lbwps-width=\"481\" data-lbwps-height=\"640\" data-lbwps-srcsmall=\"https:\/\/www.lerock.si\/wp-content\/uploads\/2021\/03\/16-miza-beton-terazzo-225x300.jpg\"><img loading=\"lazy\" decoding=\"async\" width=\"481\" height=\"640\" src=\"https:\/\/www.lerock.si\/wp-content\/uploads\/2021\/03\/16-miza-beton-terazzo.jpg\" alt=\"\" data-id=\"787\" data-link=\"https:\/\/www.lerock.si\/notranji-betonski-in-terazzo-pulti\/16-miza-beton-terazzo\/\" class=\"wp-image-787\" srcset=\"https:\/\/www.lerock.si\/wp-content\/uploads\/2021\/03\/16-miza-beton-terazzo.jpg 481w, https:\/\/www.lerock.si\/wp-content\/uploads\/2021\/03\/16-miza-beton-terazzo-225x300.jpg 225w\" sizes=\"(max-width: 481px) 100vw, 481px\" \/><\/a><\/figure><\/li><li class=\"blocks-gallery-item\"><figure><a href=\"https:\/\/www.lerock.si\/wp-content\/uploads\/2021\/03\/19-pult-beton-terazzo.jpg\" data-lbwps-width=\"959\" data-lbwps-height=\"1200\" data-lbwps-srcsmall=\"https:\/\/www.lerock.si\/wp-content\/uploads\/2021\/03\/19-pult-beton-terazzo-240x300.jpg\"><img loading=\"lazy\" decoding=\"async\" width=\"959\" height=\"1200\" src=\"https:\/\/www.lerock.si\/wp-content\/uploads\/2021\/03\/19-pult-beton-terazzo.jpg\" alt=\"\" data-id=\"1061\" data-full-url=\"https:\/\/www.lerock.si\/wp-content\/uploads\/2021\/03\/19-pult-beton-terazzo.jpg\" data-link=\"https:\/\/www.lerock.si\/notranji-betonski-in-terazzo-pulti\/19-pult-beton-terazzo\/\" class=\"wp-image-1061\" srcset=\"https:\/\/www.lerock.si\/wp-content\/uploads\/2021\/03\/19-pult-beton-terazzo.jpg 959w, https:\/\/www.lerock.si\/wp-content\/uploads\/2021\/03\/19-pult-beton-terazzo-240x300.jpg 240w, https:\/\/www.lerock.si\/wp-content\/uploads\/2021\/03\/19-pult-beton-terazzo-818x1024.jpg 818w, https:\/\/www.lerock.si\/wp-content\/uploads\/2021\/03\/19-pult-beton-terazzo-768x961.jpg 768w\" sizes=\"(max-width: 959px) 100vw, 959px\" \/><\/a><\/figure><\/li><\/ul><\/figure>\n","protected":false},"excerpt":{"rendered":"<p>Beton je pogodan i za izradu unutarnjih elemenata, a naj\u010de\u0161\u0107e izra\u0111ujemo: kuhinjske i kupaoni\u010dke pultove kuhinjske i klupske stolove police oko kamina uredske i recepcijske pultove te druge elemente. Va\u017eno je da pri planiranju takvog komada u interijeru uzmete u obzir te\u017einu i pristup, odnosno mogu\u0107nost nabave i monta\u017ee. Elementi su tijekom monta\u017ee povr\u0161inski za\u0161ti\u0107eni [&hellip;]<\/p>\n","protected":false},"author":2,"featured_media":1186,"parent":0,"menu_order":0,"comment_status":"closed","ping_status":"closed","template":"","meta":{"site-sidebar-layout":"default","site-content-layout":"default","ast-site-content-layout":"","site-content-style":"default","site-sidebar-style":"default","ast-global-header-display":"","ast-banner-title-visibility":"","ast-main-header-display":"","ast-hfb-above-header-display":"","ast-hfb-below-header-display":"","ast-hfb-mobile-header-display":"","site-post-title":"disabled","ast-breadcrumbs-content":"","ast-featured-img":"disabled","footer-sml-layout":"","theme-transparent-header-meta":"default","adv-header-id-meta":"","stick-header-meta":"","header-above-stick-meta":"","header-main-stick-meta":"","header-below-stick-meta":"","astra-migrate-meta-layouts":"default","ast-page-background-enabled":"default","ast-page-background-meta":{"desktop":{"background-color":"var(--ast-global-color-4)","background-image":"","background-repeat":"repeat","background-position":"center center","background-size":"auto","background-attachment":"scroll","background-type":"","background-media":"","overlay-type":"","overlay-color":"","overlay-opacity":"","overlay-gradient":""},"tablet":{"background-color":"","background-image":"","background-repeat":"repeat","background-position":"center center","background-size":"auto","background-attachment":"scroll","background-type":"","background-media":"","overlay-type":"","overlay-color":"","overlay-opacity":"","overlay-gradient":""},"mobile":{"background-color":"","background-image":"","background-repeat":"repeat","background-position":"center center","background-size":"auto","background-attachment":"scroll","background-type":"","background-media":"","overlay-type":"","overlay-color":"","overlay-opacity":"","overlay-gradient":""}},"ast-content-background-meta":{"desktop":{"background-color":"var(--ast-global-color-5)","background-image":"","background-repeat":"repeat","background-position":"center center","background-size":"auto","background-attachment":"scroll","background-type":"","background-media":"","overlay-type":"","overlay-color":"","overlay-opacity":"","overlay-gradient":""},"tablet":{"background-color":"var(--ast-global-color-5)","background-image":"","background-repeat":"repeat","background-position":"center center","background-size":"auto","background-attachment":"scroll","background-type":"","background-media":"","overlay-type":"","overlay-color":"","overlay-opacity":"","overlay-gradient":""},"mobile":{"background-color":"var(--ast-global-color-5)","background-image":"","background-repeat":"repeat","background-position":"center center","background-size":"auto","background-attachment":"scroll","background-type":"","background-media":"","overlay-type":"","overlay-color":"","overlay-opacity":"","overlay-gradient":""}},"slim_seo":{"title":"Interijer kuhinjski i kupaoni\u010dki pultovi iz betona","description":"Izrada kuhinjskih i kupaoni\u010dkih pultova, kuhinjski i klupski stolovi, police, uredski i recepcijski pultovi te druge elementi iz betona."},"footnotes":""},"class_list":["post-1271","page","type-page","status-publish","has-post-thumbnail","hentry"],"_links":{"self":[{"href":"https:\/\/www.lerock.si\/hr\/wp-json\/wp\/v2\/pages\/1271"}],"collection":[{"href":"https:\/\/www.lerock.si\/hr\/wp-json\/wp\/v2\/pages"}],"about":[{"href":"https:\/\/www.lerock.si\/hr\/wp-json\/wp\/v2\/types\/page"}],"author":[{"embeddable":true,"href":"https:\/\/www.lerock.si\/hr\/wp-json\/wp\/v2\/users\/2"}],"replies":[{"embeddable":true,"href":"https:\/\/www.lerock.si\/hr\/wp-json\/wp\/v2\/comments?post=1271"}],"version-history":[{"count":1,"href":"https:\/\/www.lerock.si\/hr\/wp-json\/wp\/v2\/pages\/1271\/revisions"}],"predecessor-version":[{"id":1272,"href":"https:\/\/www.lerock.si\/hr\/wp-json\/wp\/v2\/pages\/1271\/revisions\/1272"}],"wp:featuredmedia":[{"embeddable":true,"href":"https:\/\/www.lerock.si\/hr\/wp-json\/wp\/v2\/media\/1186"}],"wp:attachment":[{"href":"https:\/\/www.lerock.si\/hr\/wp-json\/wp\/v2\/media?parent=1271"}],"curies":[{"name":"wp","href":"https:\/\/api.w.org\/{rel}","templated":true}]}}