{"id":1276,"date":"2021-04-15T17:20:34","date_gmt":"2021-04-15T15:20:34","guid":{"rendered":"https:\/\/www.lerock.si\/?page_id=1276"},"modified":"2024-05-29T23:38:49","modified_gmt":"2024-05-29T21:38:49","slug":"home","status":"publish","type":"page","link":"https:\/\/www.lerock.si\/hr\/","title":{"rendered":"Home"},"content":{"rendered":"\n<div class=\"wp-block-group product-lines is-layout-flow wp-block-group-is-layout-flow\">\n<figure class=\"wp-block-image alignwide size-full\"><a href=\"https:\/\/www.lerock.si\/hr\/ljetne-kuhinje\/\"><img loading=\"lazy\" decoding=\"async\" width=\"1400\" height=\"500\" src=\"https:\/\/www.lerock.si\/wp-content\/uploads\/2021\/03\/letne-kuhinje-kategorija-1.jpg\" alt=\"\" class=\"wp-image-424\" srcset=\"https:\/\/www.lerock.si\/wp-content\/uploads\/2021\/03\/letne-kuhinje-kategorija-1.jpg 1400w, https:\/\/www.lerock.si\/wp-content\/uploads\/2021\/03\/letne-kuhinje-kategorija-1-300x107.jpg 300w, https:\/\/www.lerock.si\/wp-content\/uploads\/2021\/03\/letne-kuhinje-kategorija-1-1024x366.jpg 1024w, https:\/\/www.lerock.si\/wp-content\/uploads\/2021\/03\/letne-kuhinje-kategorija-1-768x274.jpg 768w\" sizes=\"(max-width: 1400px) 100vw, 1400px\" \/><\/a><figcaption class=\"wp-element-caption\">Ljetne kuhinje<\/figcaption><\/figure>\n\n\n\n<figure class=\"wp-block-image alignwide size-full\"><a href=\"https:\/\/www.lerock.si\/hr\/interijer-kuhinjski-i-kupaonicki-pultovi\/\"><img loading=\"lazy\" decoding=\"async\" width=\"1400\" height=\"688\" src=\"https:\/\/www.lerock.si\/wp-content\/uploads\/2021\/03\/notranji-pulti-kategorija-2.jpg\" alt=\"\" class=\"wp-image-478\" srcset=\"https:\/\/www.lerock.si\/wp-content\/uploads\/2021\/03\/notranji-pulti-kategorija-2.jpg 1400w, https:\/\/www.lerock.si\/wp-content\/uploads\/2021\/03\/notranji-pulti-kategorija-2-300x147.jpg 300w, https:\/\/www.lerock.si\/wp-content\/uploads\/2021\/03\/notranji-pulti-kategorija-2-1024x503.jpg 1024w, https:\/\/www.lerock.si\/wp-content\/uploads\/2021\/03\/notranji-pulti-kategorija-2-768x377.jpg 768w\" sizes=\"(max-width: 1400px) 100vw, 1400px\" \/><\/a><figcaption class=\"wp-element-caption\">Interijer<\/figcaption><\/figure>\n<\/div>\n\n\n\n<div class=\"wp-block-group alignfull has-light-gray-background-color has-background is-layout-constrained wp-block-group-is-layout-constrained\">\n<div style=\"height:60px\" aria-hidden=\"true\" class=\"wp-block-spacer\"><\/div>\n\n\n\n<div class=\"wp-block-columns is-layout-flex wp-container-core-columns-is-layout-1 wp-block-columns-is-layout-flex\">\n<div class=\"wp-block-column is-layout-flow wp-block-column-is-layout-flow\">\n<figure class=\"wp-block-image size-large\"><img loading=\"lazy\" decoding=\"async\" width=\"650\" height=\"433\" src=\"https:\/\/www.lerock.si\/wp-content\/uploads\/2021\/03\/od-nacrta-do-montaze.jpg\" alt=\"\" class=\"wp-image-404\" srcset=\"https:\/\/www.lerock.si\/wp-content\/uploads\/2021\/03\/od-nacrta-do-montaze.jpg 650w, https:\/\/www.lerock.si\/wp-content\/uploads\/2021\/03\/od-nacrta-do-montaze-300x200.jpg 300w\" sizes=\"(max-width: 650px) 100vw, 650px\" \/><\/figure>\n<\/div>\n\n\n\n<div class=\"wp-block-column is-vertically-aligned-center is-layout-flow wp-block-column-is-layout-flow\">\n<h2 class=\"wp-block-heading\"><strong>Od ideje do izvedbe<\/strong><\/h2>\n\n\n\n<p>U Lerocku pru\u017eamo sveobuhvatnu uslugu: od savjetovanja, dizajna, proizvodnje do instalacije i odr\u017eavanja.<\/p>\n\n\n\n<div class=\"wp-block-buttons is-layout-flex wp-block-buttons-is-layout-flex\">\n<div class=\"wp-block-button\"><a class=\"wp-block-button__link wp-element-button\" href=\"https:\/\/www.lerock.si\/hr\/od-ideje-do-izvedbe\/\">Od ideje do izvedbe<\/a><\/div>\n\n\n\n<div class=\"wp-block-button is-style-outline is-style-outline--8df405427c3c0248a5860589055747ac\"><a class=\"wp-block-button__link wp-element-button\" href=\"https:\/\/www.lerock.si\/hr\/prije-poslije\/\">Prije &#8211; Poslije<\/a><\/div>\n<\/div>\n<\/div>\n<\/div>\n\n\n\n<div style=\"height:60px\" aria-hidden=\"true\" class=\"wp-block-spacer\"><\/div>\n<\/div>\n\n\n\n<div class=\"wp-block-cover alignfull is-light has-parallax tradition\"><span aria-hidden=\"true\" class=\"wp-block-cover__background has-background-dim-70 has-background-dim\"><\/span><div class=\"wp-block-cover__image-background wp-image-1307 has-parallax\" style=\"background-position:50% 50%;background-image:url(https:\/\/www.lerock.si\/wp-content\/uploads\/2021\/04\/TERAZZO.jpg)\"><\/div><div class=\"wp-block-cover__inner-container is-layout-flow wp-block-cover-is-layout-flow\">\n<div style=\"height:80px\" aria-hidden=\"true\" class=\"wp-block-spacer\"><\/div>\n\n\n\n<div style=\"height:20px\" aria-hidden=\"true\" class=\"wp-block-spacer\"><\/div>\n\n\n\n<h2 class=\"wp-block-heading\">Bogata tradicija<\/h2>\n\n\n\n<p><img loading=\"lazy\" decoding=\"async\" width=\"500\" height=\"620\" class=\"wp-image-408\" style=\"width: 500px;\" src=\"https:\/\/www.lerock.si\/wp-content\/uploads\/2021\/03\/coston-lerock-delavnica-2.jpg\" alt=\"\" srcset=\"https:\/\/www.lerock.si\/wp-content\/uploads\/2021\/03\/coston-lerock-delavnica-2.jpg 500w, https:\/\/www.lerock.si\/wp-content\/uploads\/2021\/03\/coston-lerock-delavnica-2-242x300.jpg 242w\" sizes=\"(max-width: 500px) 100vw, 500px\" \/>Tvrtka Lerock d.o.o. bavi se izradom ljetnih kuhinja, stolova, pultova i drugih elemenata od betona i terazza. Osnovana je 2011. u svrhu razvoja i prodaje netipskih betonskih elemenata koji su jednako pogodni za interijer i eksterijer, izra\u0111eni individualno i precizno, po \u017eelji naru\u010ditelja.<\/p>\n\n\n\n<div class=\"wp-block-buttons is-layout-flex wp-block-buttons-is-layout-flex\">\n<div class=\"wp-block-button\"><a class=\"wp-block-button__link wp-element-button\" href=\"https:\/\/www.lerock.si\/hr\/o-nama\/\">Vi\u0161e o nama<\/a><\/div>\n<\/div>\n\n\n\n<div style=\"height:80px\" aria-hidden=\"true\" class=\"wp-block-spacer\"><\/div>\n<\/div><\/div>\n\n\n\n<div style=\"height:200px\" aria-hidden=\"true\" class=\"wp-block-spacer\"><\/div>\n\n\n\n<hr class=\"wp-block-separator has-css-opacity alignfull\"\/>\n\n\n\n<div style=\"height:100px\" aria-hidden=\"true\" class=\"wp-block-spacer\"><\/div>\n\n\n\n<h2 class=\"wp-block-heading has-text-align-center\"><strong>Na\u0161i partneri za ro\u0161tilje i kuhali\u0161ta<\/strong><\/h2>\n\n\n\n<figure class=\"wp-block-gallery alignwide has-nested-images columns-default partners wp-block-gallery-1 is-layout-flex wp-block-gallery-is-layout-flex\">\n<figure class=\"wp-block-image size-large\"><img loading=\"lazy\" decoding=\"async\" width=\"344\" height=\"73\" data-id=\"893\" src=\"https:\/\/www.lerock.si\/wp-content\/uploads\/2021\/03\/bge-logo_1.png\" alt=\"\" class=\"wp-image-893\" srcset=\"https:\/\/www.lerock.si\/wp-content\/uploads\/2021\/03\/bge-logo_1.png 344w, https:\/\/www.lerock.si\/wp-content\/uploads\/2021\/03\/bge-logo_1-300x64.png 300w\" sizes=\"(max-width: 344px) 100vw, 344px\" \/><\/figure>\n\n\n\n<figure class=\"wp-block-image size-large\"><img loading=\"lazy\" decoding=\"async\" width=\"250\" height=\"65\" data-id=\"895\" src=\"https:\/\/www.lerock.si\/wp-content\/uploads\/2021\/03\/gazi-logo.png\" alt=\"\" class=\"wp-image-895\"\/><\/figure>\n\n\n\n<figure class=\"wp-block-image size-large\"><img loading=\"lazy\" decoding=\"async\" width=\"200\" height=\"74\" data-id=\"900\" src=\"https:\/\/www.lerock.si\/wp-content\/uploads\/2021\/03\/logo-kupkagarten2.png\" alt=\"\" class=\"wp-image-900\"\/><\/figure>\n<\/figure>\n\n\n\n<p><\/p>\n","protected":false},"excerpt":{"rendered":"<p>Od ideje do izvedbe U Lerocku pru\u017eamo sveobuhvatnu uslugu: od savjetovanja, dizajna, proizvodnje do instalacije i odr\u017eavanja. Na\u0161i partneri za ro\u0161tilje i kuhali\u0161ta<\/p>\n","protected":false},"author":2,"featured_media":0,"parent":0,"menu_order":0,"comment_status":"closed","ping_status":"closed","template":"","meta":{"site-sidebar-layout":"default","site-content-layout":"default","ast-site-content-layout":"default","site-content-style":"default","site-sidebar-style":"default","ast-global-header-display":"","ast-banner-title-visibility":"","ast-main-header-display":"","ast-hfb-above-header-display":"","ast-hfb-below-header-display":"","ast-hfb-mobile-header-display":"","site-post-title":"disabled","ast-breadcrumbs-content":"","ast-featured-img":"disabled","footer-sml-layout":"","theme-transparent-header-meta":"default","adv-header-id-meta":"","stick-header-meta":"","header-above-stick-meta":"","header-main-stick-meta":"","header-below-stick-meta":"","astra-migrate-meta-layouts":"set","ast-page-background-enabled":"default","ast-page-background-meta":{"desktop":{"background-color":"var(--ast-global-color-4)","background-image":"","background-repeat":"repeat","background-position":"center center","background-size":"auto","background-attachment":"scroll","background-type":"","background-media":"","overlay-type":"","overlay-color":"","overlay-opacity":"","overlay-gradient":""},"tablet":{"background-color":"","background-image":"","background-repeat":"repeat","background-position":"center center","background-size":"auto","background-attachment":"scroll","background-type":"","background-media":"","overlay-type":"","overlay-color":"","overlay-opacity":"","overlay-gradient":""},"mobile":{"background-color":"","background-image":"","background-repeat":"repeat","background-position":"center center","background-size":"auto","background-attachment":"scroll","background-type":"","background-media":"","overlay-type":"","overlay-color":"","overlay-opacity":"","overlay-gradient":""}},"ast-content-background-meta":{"desktop":{"background-color":"var(--ast-global-color-5)","background-image":"","background-repeat":"repeat","background-position":"center center","background-size":"auto","background-attachment":"scroll","background-type":"","background-media":"","overlay-type":"","overlay-color":"","overlay-opacity":"","overlay-gradient":""},"tablet":{"background-color":"var(--ast-global-color-5)","background-image":"","background-repeat":"repeat","background-position":"center center","background-size":"auto","background-attachment":"scroll","background-type":"","background-media":"","overlay-type":"","overlay-color":"","overlay-opacity":"","overlay-gradient":""},"mobile":{"background-color":"var(--ast-global-color-5)","background-image":"","background-repeat":"repeat","background-position":"center center","background-size":"auto","background-attachment":"scroll","background-type":"","background-media":"","overlay-type":"","overlay-color":"","overlay-opacity":"","overlay-gradient":""}},"slim_seo":{"title":"Izrada ljetnih kuhinja po narud\u017ebi","description":"Izrada ljetnih kuhinja, stolova, pultova i drugih elemenata od betona i terazza po narud\u017ebi. Svi elementi izra\u0111eni individualno i precizno po \u017eelji naru\u010ditelja."},"footnotes":""},"class_list":["post-1276","page","type-page","status-publish","hentry"],"_links":{"self":[{"href":"https:\/\/www.lerock.si\/hr\/wp-json\/wp\/v2\/pages\/1276"}],"collection":[{"href":"https:\/\/www.lerock.si\/hr\/wp-json\/wp\/v2\/pages"}],"about":[{"href":"https:\/\/www.lerock.si\/hr\/wp-json\/wp\/v2\/types\/page"}],"author":[{"embeddable":true,"href":"https:\/\/www.lerock.si\/hr\/wp-json\/wp\/v2\/users\/2"}],"replies":[{"embeddable":true,"href":"https:\/\/www.lerock.si\/hr\/wp-json\/wp\/v2\/comments?post=1276"}],"version-history":[{"count":3,"href":"https:\/\/www.lerock.si\/hr\/wp-json\/wp\/v2\/pages\/1276\/revisions"}],"predecessor-version":[{"id":1468,"href":"https:\/\/www.lerock.si\/hr\/wp-json\/wp\/v2\/pages\/1276\/revisions\/1468"}],"wp:attachment":[{"href":"https:\/\/www.lerock.si\/hr\/wp-json\/wp\/v2\/media?parent=1276"}],"curies":[{"name":"wp","href":"https:\/\/api.w.org\/{rel}","templated":true}]}}